{"id":2380,"date":"2012-01-16T14:56:02","date_gmt":"2012-01-16T22:56:02","guid":{"rendered":"http:\/\/aimeemajor.com\/?page_id=2380"},"modified":"2015-05-21T16:24:45","modified_gmt":"2015-05-21T23:24:45","slug":"blue-riding-habit","status":"publish","type":"page","link":"https:\/\/aimeemajor.com\/wp\/costumes\/historic-original\/blue-riding-habit\/","title":{"rendered":"Blue Riding Habit"},"content":{"rendered":"<p><strong>Late 18th Century Light Blue Riding Habit<\/strong><\/p>\n<p>Debut: 12th Night Tam O&#8217;Shanter Dinner Jan 2012<\/p>\n<p>I&#8217;d been wanting to make a riding habit for a while and this one looked relatively simple given my short time frame to a winter dinner my friends were planning. My inspiration was this plate, <em>&#8220;Gallerie des Modes et Costumes Fran\u00e7ais. 56e Cahier de Costumes Fran\u00e7ois, 50e Suite d&#8217;Habillemens \u00e0 la mode en 1787. nnn.349 &#8220;Veste retrouss\u00e9e \u00e0 l&#8217;Amazone&#8230;&#8221;&#8221;\u00a0<\/em>\u00a0I used the\u00a0<a href=\"http:\/\/store.reconstructinghistory.com\/rh829-1730s-1760s-ladys-riding-or-traveling-outfit.html\" rel=\"nofollow\">Reconstructing History&#8217;s 1730&#8217;s-60&#8217;s Riding Jacking Pattern<\/a>. The petticoat was drafted using my teal zone front petticoat as a base. The faux fur stole I made and is not attached.<\/p>\n<p>I hadn&#8217;t made something in wool before, I not only really enjoyed working with it (so squishy!) but it was also really comfortable to wear, breathed really well. I was expecting to be hot, but I really wasn&#8217;t at all.<\/p>\n<p>[nggallery id=134]<\/p>\n<p>&nbsp;<\/p>\n","protected":false},"excerpt":{"rendered":"<p>Late 18th Century Light Blue Riding Habit Debut: 12th Night Tam O&#8217;Shanter Dinner Jan 2012 I&#8217;d been wanting to make a riding habit for a<\/p>\n","protected":false},"author":1,"featured_media":0,"parent":348,"menu_order":0,"comment_status":"open","ping_status":"open","template":"","meta":{"_exactmetrics_skip_tracking":false,"_exactmetrics_sitenote_active":false,"_exactmetrics_sitenote_note":"","_exactmetrics_sitenote_category":0,"footnotes":""},"class_list":["post-2380","page","type-page","status-publish","hentry"],"_links":{"self":[{"href":"https:\/\/aimeemajor.com\/wp\/wp-json\/wp\/v2\/pages\/2380","targetHints":{"allow":["GET"]}}],"collection":[{"href":"https:\/\/aimeemajor.com\/wp\/wp-json\/wp\/v2\/pages"}],"about":[{"href":"https:\/\/aimeemajor.com\/wp\/wp-json\/wp\/v2\/types\/page"}],"author":[{"embeddable":true,"href":"https:\/\/aimeemajor.com\/wp\/wp-json\/wp\/v2\/users\/1"}],"replies":[{"embeddable":true,"href":"https:\/\/aimeemajor.com\/wp\/wp-json\/wp\/v2\/comments?post=2380"}],"version-history":[{"count":1,"href":"https:\/\/aimeemajor.com\/wp\/wp-json\/wp\/v2\/pages\/2380\/revisions"}],"predecessor-version":[{"id":2381,"href":"https:\/\/aimeemajor.com\/wp\/wp-json\/wp\/v2\/pages\/2380\/revisions\/2381"}],"up":[{"embeddable":true,"href":"https:\/\/aimeemajor.com\/wp\/wp-json\/wp\/v2\/pages\/348"}],"wp:attachment":[{"href":"https:\/\/aimeemajor.com\/wp\/wp-json\/wp\/v2\/media?parent=2380"}],"curies":[{"name":"wp","href":"https:\/\/api.w.org\/{rel}","templated":true}]}}